{"id":5853,"date":"2024-11-16T13:25:09","date_gmt":"2024-11-16T12:25:09","guid":{"rendered":"https:\/\/cat-mission.pl\/gallery\/"},"modified":"2024-12-03T18:44:04","modified_gmt":"2024-12-03T17:44:04","slug":"gallery","status":"publish","type":"page","link":"https:\/\/cat-mission.pl\/en\/gallery\/","title":{"rendered":"Gallery"},"content":{"rendered":"\t\t<div data-elementor-type=\"wp-page\" data-elementor-id=\"5853\" class=\"elementor elementor-5853 elementor-5815\">\n\t\t\t\t\t\t<section class=\"elementor-section elementor-top-section elementor-element elementor-element-60632d2 elementor-section-boxed elementor-section-height-default elementor-section-height-default wpr-particle-no wpr-jarallax-no wpr-parallax-no wpr-sticky-section-no wpr-equal-height-no\" data-id=\"60632d2\" data-element_type=\"section\">\n\t\t\t\t\t\t<div class=\"elementor-container elementor-column-gap-default\">\n\t\t\t\t\t<div class=\"aux-parallax-section elementor-column elementor-col-100 elementor-top-column elementor-element elementor-element-f61f7dc\" data-id=\"f61f7dc\" data-element_type=\"column\">\n\t\t\t<div class=\"elementor-widget-wrap\">\n\t\t\t\t\t\t\t<\/div>\n\t\t<\/div>\n\t\t\t\t\t<\/div>\n\t\t<\/section>\n\t\t\t\t<section class=\"elementor-section elementor-top-section elementor-element elementor-element-a04c320 elementor-section-boxed elementor-section-height-default elementor-section-height-default wpr-particle-no wpr-jarallax-no wpr-parallax-no wpr-sticky-section-no wpr-equal-height-no\" data-id=\"a04c320\" data-element_type=\"section\">\n\t\t\t\t\t\t<div class=\"elementor-container elementor-column-gap-default\">\n\t\t\t\t\t<div class=\"aux-parallax-section elementor-column elementor-col-100 elementor-top-column elementor-element elementor-element-e38fc94\" data-id=\"e38fc94\" data-element_type=\"column\">\n\t\t\t<div class=\"elementor-widget-wrap elementor-element-populated\">\n\t\t\t\t\t\t<div class=\"elementor-element elementor-element-4426665 animated-slow elementor-invisible elementor-widget elementor-widget-heading\" data-id=\"4426665\" data-element_type=\"widget\" data-settings=\"{&quot;_animation&quot;:&quot;fadeInRight&quot;,&quot;_animation_delay&quot;:200}\" data-widget_type=\"heading.default\">\n\t\t\t\t<div class=\"elementor-widget-container\">\n\t\t\t<h2 class=\"elementor-heading-title elementor-size-default\">Galeria<\/h2>\t\t<\/div>\n\t\t\t\t<\/div>\n\t\t\t\t<div class=\"elementor-element elementor-element-38439d5 animated-slow elementor-invisible elementor-widget elementor-widget-text-editor\" data-id=\"38439d5\" data-element_type=\"widget\" data-settings=\"{&quot;_animation&quot;:&quot;fadeInRight&quot;,&quot;_animation_delay&quot;:400}\" data-widget_type=\"text-editor.default\">\n\t\t\t\t<div class=\"elementor-widget-container\">\n\t\t\t\t\t\t\t<p>\u00a0Koty w akcji! W naszej galerii zobaczysz, jak ekskluzywne budki, drapaki i p\u00f3\u0142ki zamieniaj\u0105 si\u0119 w prawdziwe kr\u00f3lestwa dla futrzak\u00f3w. Elegancja i komfort id\u0105 w parze z kocimi wygibasami \u2013 tu nie ma miejsca na nud\u0119!<\/p>\n\t\t\t\t\t\t<\/div>\n\t\t\t\t<\/div>\n\t\t\t\t\t<\/div>\n\t\t<\/div>\n\t\t\t\t\t<\/div>\n\t\t<\/section>\n\t\t\t\t<section class=\"elementor-section elementor-top-section elementor-element elementor-element-e77f542 elementor-section-boxed elementor-section-height-default elementor-section-height-default wpr-particle-no wpr-jarallax-no wpr-parallax-no wpr-sticky-section-no wpr-equal-height-no\" data-id=\"e77f542\" data-element_type=\"section\">\n\t\t\t\t\t\t<div class=\"elementor-container elementor-column-gap-default\">\n\t\t\t\t\t<div class=\"aux-parallax-section elementor-column elementor-col-100 elementor-top-column elementor-element elementor-element-dd5718c\" data-id=\"dd5718c\" data-element_type=\"column\">\n\t\t\t<div class=\"elementor-widget-wrap elementor-element-populated\">\n\t\t\t\t\t\t<div class=\"elementor-element elementor-element-5ee1ff7 elementor-widget elementor-widget-aux-gallery\" data-id=\"5ee1ff7\" data-element_type=\"widget\" data-widget_type=\"aux-gallery.default\">\n\t\t\t\t<div class=\"elementor-widget-container\">\n\t\t\t<section class=\"widget-container aux-widget-gallery aux-parent-au6b028069\"><div id='aux-gallery-1' class='aux-gallery galleryid-5853 gallery-columns-3 aux-lightbox-gallery'><div class=\"aux-gallery-container aux-isotope-animated aux-row aux-de-col3 aux-tb-col2 aux-mb-col1 elementor-clickable aux-no-gutter aux-layout-masonry\"  data-pagination=\"false\" data-lazyload=\"false\" data-perpage=\"24\" data-layout=\"masonry\" data-space=\"10\" >    <figure class=\"gallery-item aux-hover-active aux-iso-item aux-col \">\n            <div class=\"aux-frame-mask-plain aux-frame-ratio \">\n                <a href=\"https:\/\/cat-mission.pl\/wp-content\/uploads\/2024\/11\/464511705_122118524144512993_5963453697865278818_n.webp\" class=\"aux-frame-ratio-inner aux-frame-darken aux-lightbox-btn \" data-elementor-open-lightbox=\"no\" data-original-width=\"1080\" data-original-height=\"1440\" data-caption=\"464511705_122118524144512993_5963453697865278818_n\">\n                                <div class=\"aux-hover-scale-circle-plus2\">\n                        <span class=\"aux-symbol-plus\"><\/span>\n                        <span class=\"aux-symbol-circle\"><\/span>\n                    <\/div>\n                        <img fetchpriority=\"high\" decoding=\"async\" width=\"300\" height=\"300\" src=\"https:\/\/cat-mission.pl\/wp-content\/uploads\/2024\/11\/464511705_122118524144512993_5963453697865278818_n-300x300.webp\" class=\"aux-attachment aux-featured-image attachment-300x300 aux-attachment-id-5819 \" alt=\"464511705_122118524144512993_5963453697865278818_n\" srcset=\"https:\/\/cat-mission.pl\/wp-content\/uploads\/2024\/11\/464511705_122118524144512993_5963453697865278818_n-150x150.webp 150w,https:\/\/cat-mission.pl\/wp-content\/uploads\/2024\/11\/464511705_122118524144512993_5963453697865278818_n-300x300.webp 300w,https:\/\/cat-mission.pl\/wp-content\/uploads\/2024\/11\/464511705_122118524144512993_5963453697865278818_n-768x768.webp 768w,https:\/\/cat-mission.pl\/wp-content\/uploads\/2024\/11\/464511705_122118524144512993_5963453697865278818_n-1024x1024.webp 1024w,https:\/\/cat-mission.pl\/wp-content\/uploads\/2024\/11\/464511705_122118524144512993_5963453697865278818_n-300x300.webp 300w,https:\/\/cat-mission.pl\/wp-content\/uploads\/2024\/11\/464511705_122118524144512993_5963453697865278818_n-1070x1070.webp 1070w\" data-ratio=\"1\" data-original-w=\"1080\" sizes=\"(max-width:767px) 100vw,(min-width:768px) and (max-width:1025px) 50vw,647px\" \/>                <\/a>\n            <\/div>\n                <\/figure>\n    <figure class=\"gallery-item aux-hover-active aux-iso-item aux-col \">\n            <div class=\"aux-frame-mask-plain aux-frame-ratio \">\n                <a href=\"https:\/\/cat-mission.pl\/wp-content\/uploads\/2024\/11\/464198298_122118524126512993_8397911579009615851_n.webp\" class=\"aux-frame-ratio-inner aux-frame-darken aux-lightbox-btn \" data-elementor-open-lightbox=\"no\" data-original-width=\"1080\" data-original-height=\"1440\" data-caption=\"464198298_122118524126512993_8397911579009615851_n\">\n                                <div class=\"aux-hover-scale-circle-plus2\">\n                        <span class=\"aux-symbol-plus\"><\/span>\n                        <span class=\"aux-symbol-circle\"><\/span>\n                    <\/div>\n                        <img decoding=\"async\" width=\"300\" height=\"300\" src=\"https:\/\/cat-mission.pl\/wp-content\/uploads\/2024\/11\/464198298_122118524126512993_8397911579009615851_n-300x300.webp\" class=\"aux-attachment aux-featured-image attachment-300x300 aux-attachment-id-5822 \" alt=\"464198298_122118524126512993_8397911579009615851_n\" srcset=\"https:\/\/cat-mission.pl\/wp-content\/uploads\/2024\/11\/464198298_122118524126512993_8397911579009615851_n-150x150.webp 150w,https:\/\/cat-mission.pl\/wp-content\/uploads\/2024\/11\/464198298_122118524126512993_8397911579009615851_n-300x300.webp 300w,https:\/\/cat-mission.pl\/wp-content\/uploads\/2024\/11\/464198298_122118524126512993_8397911579009615851_n-768x768.webp 768w,https:\/\/cat-mission.pl\/wp-content\/uploads\/2024\/11\/464198298_122118524126512993_8397911579009615851_n-1024x1024.webp 1024w,https:\/\/cat-mission.pl\/wp-content\/uploads\/2024\/11\/464198298_122118524126512993_8397911579009615851_n-300x300.webp 300w,https:\/\/cat-mission.pl\/wp-content\/uploads\/2024\/11\/464198298_122118524126512993_8397911579009615851_n-1070x1070.webp 1070w\" data-ratio=\"1\" data-original-w=\"1080\" sizes=\"(max-width:767px) 100vw,(min-width:768px) and (max-width:1025px) 50vw,647px\" \/>                <\/a>\n            <\/div>\n                <\/figure>\n    <figure class=\"gallery-item aux-hover-active aux-iso-item aux-col \">\n            <div class=\"aux-frame-mask-plain aux-frame-ratio \">\n                <a href=\"https:\/\/cat-mission.pl\/wp-content\/uploads\/2024\/11\/464335925_122118524138512993_4902639800112832995_n.webp\" class=\"aux-frame-ratio-inner aux-frame-darken aux-lightbox-btn \" data-elementor-open-lightbox=\"no\" data-original-width=\"1080\" data-original-height=\"1440\" data-caption=\"464335925_122118524138512993_4902639800112832995_n\">\n                                <div class=\"aux-hover-scale-circle-plus2\">\n                        <span class=\"aux-symbol-plus\"><\/span>\n                        <span class=\"aux-symbol-circle\"><\/span>\n                    <\/div>\n                        <img decoding=\"async\" width=\"300\" height=\"300\" src=\"https:\/\/cat-mission.pl\/wp-content\/uploads\/2024\/11\/464335925_122118524138512993_4902639800112832995_n-300x300.webp\" class=\"aux-attachment aux-featured-image attachment-300x300 aux-attachment-id-5825 \" alt=\"464335925_122118524138512993_4902639800112832995_n\" srcset=\"https:\/\/cat-mission.pl\/wp-content\/uploads\/2024\/11\/464335925_122118524138512993_4902639800112832995_n-150x150.webp 150w,https:\/\/cat-mission.pl\/wp-content\/uploads\/2024\/11\/464335925_122118524138512993_4902639800112832995_n-300x300.webp 300w,https:\/\/cat-mission.pl\/wp-content\/uploads\/2024\/11\/464335925_122118524138512993_4902639800112832995_n-768x768.webp 768w,https:\/\/cat-mission.pl\/wp-content\/uploads\/2024\/11\/464335925_122118524138512993_4902639800112832995_n-1024x1024.webp 1024w,https:\/\/cat-mission.pl\/wp-content\/uploads\/2024\/11\/464335925_122118524138512993_4902639800112832995_n-300x300.webp 300w,https:\/\/cat-mission.pl\/wp-content\/uploads\/2024\/11\/464335925_122118524138512993_4902639800112832995_n-1070x1070.webp 1070w\" data-ratio=\"1\" data-original-w=\"1080\" sizes=\"(max-width:767px) 100vw,(min-width:768px) and (max-width:1025px) 50vw,647px\" \/>                <\/a>\n            <\/div>\n                <\/figure>\n<\/div><\/div><\/section><!-- widget-container --><style>.aux-parent-au6b028069 .aux-frame-ratio { padding-bottom:75% }<\/style>\t\t<\/div>\n\t\t\t\t<\/div>\n\t\t\t\t\t<\/div>\n\t\t<\/div>\n\t\t\t\t\t<\/div>\n\t\t<\/section>\n\t\t\t\t<\/div>\n\t\t","protected":false},"excerpt":{"rendered":"<p>Galeria \u00a0Koty w akcji! W naszej galerii zobaczysz, jak ekskluzywne budki, drapaki i p\u00f3\u0142ki zamieniaj\u0105 si\u0119 w prawdziwe kr\u00f3lestwa dla futrzak\u00f3w. Elegancja i komfort id\u0105 w parze z kocimi wygibasami \u2013 tu nie ma miejsca na nud\u0119!<\/p>\n","protected":false},"author":1,"featured_media":0,"parent":0,"menu_order":0,"comment_status":"closed","ping_status":"closed","template":"","meta":{"footnotes":""},"class_list":["post-5853","page","type-page","status-publish","hentry"],"yoast_head":"<!-- This site is optimized with the Yoast SEO plugin v27.4 - https:\/\/yoast.com\/product\/yoast-seo-wordpress\/ -->\n<title>Gallery - Cat-Mission<\/title>\n<meta name=\"robots\" content=\"index, follow, max-snippet:-1, max-image-preview:large, max-video-preview:-1\" \/>\n<link rel=\"canonical\" href=\"https:\/\/cat-mission.pl\/en\/gallery\/\" \/>\n<meta property=\"og:locale\" content=\"en_GB\" \/>\n<meta property=\"og:type\" content=\"article\" \/>\n<meta property=\"og:title\" content=\"Gallery - Cat-Mission\" \/>\n<meta property=\"og:description\" content=\"Galeria \u00a0Koty w akcji! W naszej galerii zobaczysz, jak ekskluzywne budki, drapaki i p\u00f3\u0142ki zamieniaj\u0105 si\u0119 w prawdziwe kr\u00f3lestwa dla futrzak\u00f3w. Elegancja i komfort id\u0105 w parze z kocimi wygibasami \u2013 tu nie ma miejsca na nud\u0119!\" \/>\n<meta property=\"og:url\" content=\"https:\/\/cat-mission.pl\/en\/gallery\/\" \/>\n<meta property=\"og:site_name\" content=\"Cat-Mission\" \/>\n<meta property=\"article:publisher\" content=\"https:\/\/www.facebook.com\/catmissionpl\" \/>\n<meta property=\"article:modified_time\" content=\"2024-12-03T17:44:04+00:00\" \/>\n<meta property=\"og:image\" content=\"https:\/\/cat-mission.pl\/wp-content\/uploads\/2024\/11\/464511705_122118524144512993_5963453697865278818_n-300x300.webp\" \/>\n<meta name=\"twitter:card\" content=\"summary_large_image\" \/>\n<meta name=\"twitter:label1\" content=\"Estimated reading time\" \/>\n\t<meta name=\"twitter:data1\" content=\"1 minute\" \/>\n<script type=\"application\/ld+json\" class=\"yoast-schema-graph\">{\"@context\":\"https:\\\/\\\/schema.org\",\"@graph\":[{\"@type\":\"WebPage\",\"@id\":\"https:\\\/\\\/cat-mission.pl\\\/en\\\/gallery\\\/\",\"url\":\"https:\\\/\\\/cat-mission.pl\\\/en\\\/gallery\\\/\",\"name\":\"Gallery - Cat-Mission\",\"isPartOf\":{\"@id\":\"https:\\\/\\\/cat-mission.pl\\\/en\\\/#website\"},\"primaryImageOfPage\":{\"@id\":\"https:\\\/\\\/cat-mission.pl\\\/en\\\/gallery\\\/#primaryimage\"},\"image\":{\"@id\":\"https:\\\/\\\/cat-mission.pl\\\/en\\\/gallery\\\/#primaryimage\"},\"thumbnailUrl\":\"https:\\\/\\\/cat-mission.pl\\\/wp-content\\\/uploads\\\/2024\\\/11\\\/464511705_122118524144512993_5963453697865278818_n-300x300.webp\",\"datePublished\":\"2024-11-16T12:25:09+00:00\",\"dateModified\":\"2024-12-03T17:44:04+00:00\",\"breadcrumb\":{\"@id\":\"https:\\\/\\\/cat-mission.pl\\\/en\\\/gallery\\\/#breadcrumb\"},\"inLanguage\":\"en-GB\",\"potentialAction\":[{\"@type\":\"ReadAction\",\"target\":[\"https:\\\/\\\/cat-mission.pl\\\/en\\\/gallery\\\/\"]}]},{\"@type\":\"ImageObject\",\"inLanguage\":\"en-GB\",\"@id\":\"https:\\\/\\\/cat-mission.pl\\\/en\\\/gallery\\\/#primaryimage\",\"url\":\"https:\\\/\\\/cat-mission.pl\\\/wp-content\\\/uploads\\\/2024\\\/11\\\/464511705_122118524144512993_5963453697865278818_n-300x300.webp\",\"contentUrl\":\"https:\\\/\\\/cat-mission.pl\\\/wp-content\\\/uploads\\\/2024\\\/11\\\/464511705_122118524144512993_5963453697865278818_n-300x300.webp\"},{\"@type\":\"BreadcrumbList\",\"@id\":\"https:\\\/\\\/cat-mission.pl\\\/en\\\/gallery\\\/#breadcrumb\",\"itemListElement\":[{\"@type\":\"ListItem\",\"position\":1,\"name\":\"Strona g\u0142\u00f3wna\",\"item\":\"https:\\\/\\\/cat-mission.pl\\\/en\\\/\"},{\"@type\":\"ListItem\",\"position\":2,\"name\":\"Gallery\"}]},{\"@type\":\"WebSite\",\"@id\":\"https:\\\/\\\/cat-mission.pl\\\/en\\\/#website\",\"url\":\"https:\\\/\\\/cat-mission.pl\\\/en\\\/\",\"name\":\"Cat-Mission\",\"description\":\"Robimy wszystko, by koty mog\u0142y robi\u0107 swoje\",\"publisher\":{\"@id\":\"https:\\\/\\\/cat-mission.pl\\\/en\\\/#organization\"},\"potentialAction\":[{\"@type\":\"SearchAction\",\"target\":{\"@type\":\"EntryPoint\",\"urlTemplate\":\"https:\\\/\\\/cat-mission.pl\\\/en\\\/?s={search_term_string}\"},\"query-input\":{\"@type\":\"PropertyValueSpecification\",\"valueRequired\":true,\"valueName\":\"search_term_string\"}}],\"inLanguage\":\"en-GB\"},{\"@type\":\"Organization\",\"@id\":\"https:\\\/\\\/cat-mission.pl\\\/en\\\/#organization\",\"name\":\"Cat-Mission\",\"url\":\"https:\\\/\\\/cat-mission.pl\\\/en\\\/\",\"logo\":{\"@type\":\"ImageObject\",\"inLanguage\":\"en-GB\",\"@id\":\"https:\\\/\\\/cat-mission.pl\\\/en\\\/#\\\/schema\\\/logo\\\/image\\\/\",\"url\":\"https:\\\/\\\/cat-mission.pl\\\/wp-content\\\/uploads\\\/2019\\\/10\\\/Logo-Cat-Mission-small-opcja.webp\",\"contentUrl\":\"https:\\\/\\\/cat-mission.pl\\\/wp-content\\\/uploads\\\/2019\\\/10\\\/Logo-Cat-Mission-small-opcja.webp\",\"width\":164,\"height\":20,\"caption\":\"Cat-Mission\"},\"image\":{\"@id\":\"https:\\\/\\\/cat-mission.pl\\\/en\\\/#\\\/schema\\\/logo\\\/image\\\/\"},\"sameAs\":[\"https:\\\/\\\/www.facebook.com\\\/catmissionpl\",\"https:\\\/\\\/www.instagram.com\\\/catmissiondesign\\\/\"]}]}<\/script>\n<!-- \/ Yoast SEO plugin. -->","yoast_head_json":{"title":"Gallery - Cat-Mission","robots":{"index":"index","follow":"follow","max-snippet":"max-snippet:-1","max-image-preview":"max-image-preview:large","max-video-preview":"max-video-preview:-1"},"canonical":"https:\/\/cat-mission.pl\/en\/gallery\/","og_locale":"en_GB","og_type":"article","og_title":"Gallery - Cat-Mission","og_description":"Galeria \u00a0Koty w akcji! W naszej galerii zobaczysz, jak ekskluzywne budki, drapaki i p\u00f3\u0142ki zamieniaj\u0105 si\u0119 w prawdziwe kr\u00f3lestwa dla futrzak\u00f3w. Elegancja i komfort id\u0105 w parze z kocimi wygibasami \u2013 tu nie ma miejsca na nud\u0119!","og_url":"https:\/\/cat-mission.pl\/en\/gallery\/","og_site_name":"Cat-Mission","article_publisher":"https:\/\/www.facebook.com\/catmissionpl","article_modified_time":"2024-12-03T17:44:04+00:00","og_image":[{"url":"https:\/\/cat-mission.pl\/wp-content\/uploads\/2024\/11\/464511705_122118524144512993_5963453697865278818_n-300x300.webp","type":"","width":"","height":""}],"twitter_card":"summary_large_image","twitter_misc":{"Estimated reading time":"1 minute"},"schema":{"@context":"https:\/\/schema.org","@graph":[{"@type":"WebPage","@id":"https:\/\/cat-mission.pl\/en\/gallery\/","url":"https:\/\/cat-mission.pl\/en\/gallery\/","name":"Gallery - Cat-Mission","isPartOf":{"@id":"https:\/\/cat-mission.pl\/en\/#website"},"primaryImageOfPage":{"@id":"https:\/\/cat-mission.pl\/en\/gallery\/#primaryimage"},"image":{"@id":"https:\/\/cat-mission.pl\/en\/gallery\/#primaryimage"},"thumbnailUrl":"https:\/\/cat-mission.pl\/wp-content\/uploads\/2024\/11\/464511705_122118524144512993_5963453697865278818_n-300x300.webp","datePublished":"2024-11-16T12:25:09+00:00","dateModified":"2024-12-03T17:44:04+00:00","breadcrumb":{"@id":"https:\/\/cat-mission.pl\/en\/gallery\/#breadcrumb"},"inLanguage":"en-GB","potentialAction":[{"@type":"ReadAction","target":["https:\/\/cat-mission.pl\/en\/gallery\/"]}]},{"@type":"ImageObject","inLanguage":"en-GB","@id":"https:\/\/cat-mission.pl\/en\/gallery\/#primaryimage","url":"https:\/\/cat-mission.pl\/wp-content\/uploads\/2024\/11\/464511705_122118524144512993_5963453697865278818_n-300x300.webp","contentUrl":"https:\/\/cat-mission.pl\/wp-content\/uploads\/2024\/11\/464511705_122118524144512993_5963453697865278818_n-300x300.webp"},{"@type":"BreadcrumbList","@id":"https:\/\/cat-mission.pl\/en\/gallery\/#breadcrumb","itemListElement":[{"@type":"ListItem","position":1,"name":"Strona g\u0142\u00f3wna","item":"https:\/\/cat-mission.pl\/en\/"},{"@type":"ListItem","position":2,"name":"Gallery"}]},{"@type":"WebSite","@id":"https:\/\/cat-mission.pl\/en\/#website","url":"https:\/\/cat-mission.pl\/en\/","name":"Cat-Mission","description":"Robimy wszystko, by koty mog\u0142y robi\u0107 swoje","publisher":{"@id":"https:\/\/cat-mission.pl\/en\/#organization"},"potentialAction":[{"@type":"SearchAction","target":{"@type":"EntryPoint","urlTemplate":"https:\/\/cat-mission.pl\/en\/?s={search_term_string}"},"query-input":{"@type":"PropertyValueSpecification","valueRequired":true,"valueName":"search_term_string"}}],"inLanguage":"en-GB"},{"@type":"Organization","@id":"https:\/\/cat-mission.pl\/en\/#organization","name":"Cat-Mission","url":"https:\/\/cat-mission.pl\/en\/","logo":{"@type":"ImageObject","inLanguage":"en-GB","@id":"https:\/\/cat-mission.pl\/en\/#\/schema\/logo\/image\/","url":"https:\/\/cat-mission.pl\/wp-content\/uploads\/2019\/10\/Logo-Cat-Mission-small-opcja.webp","contentUrl":"https:\/\/cat-mission.pl\/wp-content\/uploads\/2019\/10\/Logo-Cat-Mission-small-opcja.webp","width":164,"height":20,"caption":"Cat-Mission"},"image":{"@id":"https:\/\/cat-mission.pl\/en\/#\/schema\/logo\/image\/"},"sameAs":["https:\/\/www.facebook.com\/catmissionpl","https:\/\/www.instagram.com\/catmissiondesign\/"]}]}},"_links":{"self":[{"href":"https:\/\/cat-mission.pl\/en\/wp-json\/wp\/v2\/pages\/5853","targetHints":{"allow":["GET"]}}],"collection":[{"href":"https:\/\/cat-mission.pl\/en\/wp-json\/wp\/v2\/pages"}],"about":[{"href":"https:\/\/cat-mission.pl\/en\/wp-json\/wp\/v2\/types\/page"}],"author":[{"embeddable":true,"href":"https:\/\/cat-mission.pl\/en\/wp-json\/wp\/v2\/users\/1"}],"replies":[{"embeddable":true,"href":"https:\/\/cat-mission.pl\/en\/wp-json\/wp\/v2\/comments?post=5853"}],"version-history":[{"count":4,"href":"https:\/\/cat-mission.pl\/en\/wp-json\/wp\/v2\/pages\/5853\/revisions"}],"predecessor-version":[{"id":5861,"href":"https:\/\/cat-mission.pl\/en\/wp-json\/wp\/v2\/pages\/5853\/revisions\/5861"}],"wp:attachment":[{"href":"https:\/\/cat-mission.pl\/en\/wp-json\/wp\/v2\/media?parent=5853"}],"curies":[{"name":"wp","href":"https:\/\/api.w.org\/{rel}","templated":true}]}}